{"id":22,"date":"2024-11-03T21:56:10","date_gmt":"2024-11-03T20:56:10","guid":{"rendered":"http:\/\/www.labordelevicomte.com\/?page_id=22"},"modified":"2025-05-24T00:25:51","modified_gmt":"2025-05-23T22:25:51","slug":"accueil","status":"publish","type":"page","link":"https:\/\/www.labordelevicomte.com\/","title":{"rendered":"Entrez&#8230;"},"content":{"rendered":"\n<p class=\"has-medium-font-size\" style=\"border-style:none;border-width:0px;margin-top:0;margin-right:0;margin-bottom:0;margin-left:0;padding-top:0;padding-right:var(--wp--preset--spacing--medium);padding-bottom:0;padding-left:var(--wp--preset--spacing--medium)\">Nous vous ouvrons les portes du <strong>Domaine La Borde-le-Vicomte<\/strong>, dont les vieilles pierres et le parc de plus de 20 hectares nous ont s\u00e9duits. Notre famille et nos chevaux se sont <strong>lov\u00e9s <\/strong>au c\u0153ur de ce <strong>lieu unique<\/strong>, entour\u00e9s des trois ch\u00e2teaux Seine-et-Marnais.<\/p>\n\n\n\n<div class=\"wp-block-columns is-layout-flex wp-container-core-columns-is-layout-2e14fe5f wp-block-columns-is-layout-flex\" style=\"padding-right:0;padding-left:0\">\n<div class=\"wp-block-column is-layout-flow wp-container-core-column-is-layout-d49278ce wp-block-column-is-layout-flow\" style=\"padding-right:var(--wp--preset--spacing--medium);padding-left:var(--wp--preset--spacing--medium)\">\n<figure class=\"wp-block-image size-large\"><img loading=\"lazy\" decoding=\"async\" width=\"721\" height=\"1082\" src=\"https:\/\/www.labordelevicomte.com\/wp-content\/uploads\/2025\/01\/IMG_7005-1-721x1082.jpg\" alt=\"\" class=\"wp-image-310\"\/><\/figure>\n<\/div>\n\n\n\n<div class=\"wp-block-column is-vertically-aligned-center is-layout-flow wp-container-core-column-is-layout-b108c007 wp-block-column-is-layout-flow\" style=\"padding-right:0;padding-left:0\">\n<p class=\"has-medium-font-size\" style=\"padding-top:var(--wp--preset--spacing--small);padding-right:0;padding-bottom:var(--wp--preset--spacing--small);padding-left:0\">Des univers s\u2019entrem\u00ealent au sein du domaine pour ne former qu\u2019un, vers un <strong>art de vivre<\/strong> cher \u00e0 notre c\u0153ur.<\/p>\n\n\n\n<p class=\"has-small-font-size\" style=\"padding-top:var(--wp--preset--spacing--x-small);padding-right:0;padding-bottom:var(--wp--preset--spacing--x-small);padding-left:0\">Venez d\u00e9couvrir cet <strong>havre de paix<\/strong>, que cela soit pour proposer <strong>la vie de ch\u00e2teau \u00e0 votre cheval, vous ressourcer, ou vivre des exp\u00e9riences in\u00e9dites en famille ou en \u00e9quipe&nbsp;!<\/strong><\/p>\n\n\n\n<div class=\"wp-block-buttons is-layout-flex wp-block-buttons-is-layout-flex\">\n<div class=\"wp-block-button is-style-outline is-style-outline--1\"><a class=\"wp-block-button__link wp-element-button\" href=\"https:\/\/www.labordelevicomte.com\/index.php\/le-chateau\/\" style=\"padding-top:var(--wp--preset--spacing--x-small);padding-right:var(--wp--preset--spacing--x-small);padding-bottom:var(--wp--preset--spacing--x-small);padding-left:var(--wp--preset--spacing--x-small)\">D\u00e9couvrir<\/a><\/div>\n<\/div>\n<\/div>\n<\/div>\n\n\n\n<p class=\"has-text-align-center\">PARCE QUE LE <strong>CHEVAL <\/strong><\/p>\n\n\n\n<p class=\"has-text-align-center\">EST LE V\u00c9RITABLE <strong>SEIGNEUR <\/strong>DE CES LIEUX&#8230;<\/p>\n\n\n\n<div class=\"wp-block-columns are-vertically-aligned-center is-layout-flex wp-container-core-columns-is-layout-ce3d0b4c wp-block-columns-is-layout-flex\" style=\"margin-top:var(--wp--preset--spacing--medium);margin-bottom:var(--wp--preset--spacing--medium);padding-top:0;padding-right:var(--wp--preset--spacing--medium);padding-bottom:0;padding-left:var(--wp--preset--spacing--medium)\">\n<div class=\"wp-block-column is-vertically-aligned-center is-layout-flow wp-block-column-is-layout-flow\" style=\"flex-basis:50%\">\n<h2 class=\"wp-block-heading has-text-align-center\">Bien-\u00eatre et Amour du cheval sont nos ma\u00eetre-mots<\/h2>\n\n\n\n<div class=\"wp-block-buttons is-content-justification-center is-layout-flex wp-container-core-buttons-is-layout-a89b3969 wp-block-buttons-is-layout-flex\">\n<div class=\"wp-block-button is-style-outline is-style-outline--2\"><a class=\"wp-block-button__link wp-element-button\" href=\"http:\/\/www.labordelevicomte.com\/index.php\/category\/lecurie\/\">L&#8217;\u00e9curie pens\u00e9e pour vos chevaux<\/a><\/div>\n<\/div>\n<\/div>\n\n\n\n<div class=\"wp-block-column is-vertically-aligned-center is-layout-flow wp-block-column-is-layout-flow\" style=\"flex-basis:66.66%\">\n<figure class=\"wp-block-image size-large is-resized\"><img loading=\"lazy\" decoding=\"async\" width=\"798\" height=\"1064\" src=\"https:\/\/www.labordelevicomte.com\/wp-content\/uploads\/2025\/01\/IMG_3932-bis-798x1064.jpeg\" alt=\"\" class=\"wp-image-320\" style=\"width:439px;height:auto\"\/><\/figure>\n<\/div>\n<\/div>\n","protected":false},"excerpt":{"rendered":"<p>Nous vous ouvrons les portes du Domaine La Borde-le-Vicomte, dont les vieilles pierres et le parc de plus de 20 hectares nous ont s\u00e9duits. Notre famille et nos chevaux se sont lov\u00e9s au c\u0153ur de ce lieu unique, entour\u00e9s des trois ch\u00e2teaux Seine-et-Marnais. Des univers s\u2019entrem\u00ealent au sein du domaine pour ne former qu\u2019un, vers &hellip; <\/p>\n<p class=\"link-more\"><a href=\"https:\/\/www.labordelevicomte.com\/\" class=\"more-link\">Read more<span class=\"screen-reader-text\"> &#8220;Entrez&#8230;&#8221;<\/span><\/a><\/p>\n","protected":false},"author":1,"featured_media":65,"parent":0,"menu_order":0,"comment_status":"closed","ping_status":"closed","template":"","meta":{"footnotes":""},"class_list":["post-22","page","type-page","status-publish","has-post-thumbnail","hentry"],"jetpack_sharing_enabled":true,"featured_media_urls":{"thumbnail":["https:\/\/www.labordelevicomte.com\/wp-content\/uploads\/2024\/11\/cropped-cropped-20220608_204846-scaled-1-150x150.jpg",150,150,true],"medium":["https:\/\/www.labordelevicomte.com\/wp-content\/uploads\/2024\/11\/cropped-cropped-20220608_204846-scaled-1-300x180.jpg",300,180,true],"medium_large":["https:\/\/www.labordelevicomte.com\/wp-content\/uploads\/2024\/11\/cropped-cropped-20220608_204846-scaled-1.jpg",768,461,false],"large":["https:\/\/www.labordelevicomte.com\/wp-content\/uploads\/2024\/11\/cropped-cropped-20220608_204846-scaled-1-1024x614.jpg",950,570,true],"1536x1536":["https:\/\/www.labordelevicomte.com\/wp-content\/uploads\/2024\/11\/cropped-cropped-20220608_204846-scaled-1-1536x922.jpg",1536,922,true],"2048x2048":["https:\/\/www.labordelevicomte.com\/wp-content\/uploads\/2024\/11\/cropped-cropped-20220608_204846-scaled-1-2000x1200.jpg",2000,1200,true],"inspiro-featured-image":["https:\/\/www.labordelevicomte.com\/wp-content\/uploads\/2024\/11\/cropped-cropped-20220608_204846-scaled-1-2000x1200.jpg",2000,1200,true],"inspiro-loop":["https:\/\/www.labordelevicomte.com\/wp-content\/uploads\/2024\/11\/cropped-cropped-20220608_204846-scaled-1-950x320.jpg",950,320,true],"inspiro-loop@2x":["https:\/\/www.labordelevicomte.com\/wp-content\/uploads\/2024\/11\/cropped-cropped-20220608_204846-scaled-1-1900x640.jpg",1900,640,true],"portfolio_item-thumbnail":["https:\/\/www.labordelevicomte.com\/wp-content\/uploads\/2024\/11\/cropped-cropped-20220608_204846-scaled-1-600x400.jpg",600,400,true],"portfolio_item-thumbnail@2x":["https:\/\/www.labordelevicomte.com\/wp-content\/uploads\/2024\/11\/cropped-cropped-20220608_204846-scaled-1-1200x800.jpg",1200,800,true],"portfolio_item-masonry":["https:\/\/www.labordelevicomte.com\/wp-content\/uploads\/2024\/11\/cropped-cropped-20220608_204846-scaled-1-600x360.jpg",600,360,true],"portfolio_item-masonry@2x":["https:\/\/www.labordelevicomte.com\/wp-content\/uploads\/2024\/11\/cropped-cropped-20220608_204846-scaled-1-1200x720.jpg",1200,720,true],"portfolio_item-thumbnail_cinema":["https:\/\/www.labordelevicomte.com\/wp-content\/uploads\/2024\/11\/cropped-cropped-20220608_204846-scaled-1-800x335.jpg",800,335,true],"portfolio_item-thumbnail_portrait":["https:\/\/www.labordelevicomte.com\/wp-content\/uploads\/2024\/11\/cropped-cropped-20220608_204846-scaled-1-600x900.jpg",600,900,true],"portfolio_item-thumbnail_portrait@2x":["https:\/\/www.labordelevicomte.com\/wp-content\/uploads\/2024\/11\/cropped-cropped-20220608_204846-scaled-1-1200x1200.jpg",1200,1200,true],"portfolio_item-thumbnail_square":["https:\/\/www.labordelevicomte.com\/wp-content\/uploads\/2024\/11\/cropped-cropped-20220608_204846-scaled-1-800x800.jpg",800,800,true]},"_links":{"self":[{"href":"https:\/\/www.labordelevicomte.com\/index.php\/wp-json\/wp\/v2\/pages\/22","targetHints":{"allow":["GET"]}}],"collection":[{"href":"https:\/\/www.labordelevicomte.com\/index.php\/wp-json\/wp\/v2\/pages"}],"about":[{"href":"https:\/\/www.labordelevicomte.com\/index.php\/wp-json\/wp\/v2\/types\/page"}],"author":[{"embeddable":true,"href":"https:\/\/www.labordelevicomte.com\/index.php\/wp-json\/wp\/v2\/users\/1"}],"replies":[{"embeddable":true,"href":"https:\/\/www.labordelevicomte.com\/index.php\/wp-json\/wp\/v2\/comments?post=22"}],"version-history":[{"count":66,"href":"https:\/\/www.labordelevicomte.com\/index.php\/wp-json\/wp\/v2\/pages\/22\/revisions"}],"predecessor-version":[{"id":524,"href":"https:\/\/www.labordelevicomte.com\/index.php\/wp-json\/wp\/v2\/pages\/22\/revisions\/524"}],"wp:featuredmedia":[{"embeddable":true,"href":"https:\/\/www.labordelevicomte.com\/index.php\/wp-json\/wp\/v2\/media\/65"}],"wp:attachment":[{"href":"https:\/\/www.labordelevicomte.com\/index.php\/wp-json\/wp\/v2\/media?parent=22"}],"curies":[{"name":"wp","href":"https:\/\/api.w.org\/{rel}","templated":true}]}}