{"id":24,"date":"2024-11-03T21:56:10","date_gmt":"2024-11-03T20:56:10","guid":{"rendered":"http:\/\/www.labordelevicomte.com\/?page_id=24"},"modified":"2025-06-09T20:45:52","modified_gmt":"2025-06-09T18:45:52","slug":"contact","status":"publish","type":"page","link":"https:\/\/www.labordelevicomte.com\/index.php\/contact\/","title":{"rendered":"Contact"},"content":{"rendered":"\n<figure class=\"wp-block-image aligncenter size-large is-resized\"><img loading=\"lazy\" decoding=\"async\" width=\"1024\" height=\"576\" src=\"http:\/\/www.labordelevicomte.com\/wp-content\/uploads\/2025\/05\/IMG-20220122-WA0021b-1024x576.jpg\" alt=\"\" class=\"wp-image-505\" style=\"width:741px;height:auto\" srcset=\"https:\/\/www.labordelevicomte.com\/wp-content\/uploads\/2025\/05\/IMG-20220122-WA0021b-1024x576.jpg 1024w, https:\/\/www.labordelevicomte.com\/wp-content\/uploads\/2025\/05\/IMG-20220122-WA0021b-300x169.jpg 300w, https:\/\/www.labordelevicomte.com\/wp-content\/uploads\/2025\/05\/IMG-20220122-WA0021b.jpg 1426w\" sizes=\"auto, (max-width: 1024px) 100vw, 1024px\" \/><\/figure>\n\n\n\n<p class=\"has-text-align-center\">Pour tout <strong>renseignement <\/strong>concernant les \u00e9curies, les h\u00e9bergements ou l&#8217;organisation d&#8217;un \u00e9v\u00e8nement, <\/p>\n\n\n\n<p class=\"has-text-align-center\">vous pouvez nous contacter<\/p>\n\n\n\n<div class=\"wp-block-columns is-layout-flex wp-container-core-columns-is-layout-28f84493 wp-block-columns-is-layout-flex\" style=\"border-style:none;border-width:0px;border-radius:0px\">\n<div class=\"wp-block-column is-layout-flow wp-block-column-is-layout-flow\" style=\"border-width:1px;flex-basis:50%\">\n<p class=\"has-text-align-center\"> par <strong>courriel <\/strong>:<\/p>\n\n\n\n<p class=\"has-text-align-center\"><strong>contact@lblv.fr<\/strong><\/p>\n<\/div>\n\n\n\n<div class=\"wp-block-column is-vertically-aligned-center is-layout-flow wp-block-column-is-layout-flow\" style=\"border-width:1px;flex-basis:50%\">\n<p class=\"has-text-align-center\">Ou par <strong>t\u00e9l\u00e9phone <\/strong>:<\/p>\n\n\n\n<p class=\"has-text-align-center\"><strong>+33621244630<\/strong><\/p>\n<\/div>\n<\/div>\n\n\n\n<p class=\"has-text-align-center\">Vous pouvez retrouver toutes nos <strong>actualit\u00e9s <\/strong>sur notre page facebook et instagram !<\/p>\n\n\n\n<p class=\"has-text-align-center\">A tr\u00e8s vite ! <\/p>\n\n\n\n<p><\/p>\n","protected":false},"excerpt":{"rendered":"<p>Pour tout renseignement concernant les \u00e9curies, les h\u00e9bergements ou l&#8217;organisation d&#8217;un \u00e9v\u00e8nement, vous pouvez nous contacter par courriel : contact@lblv.fr Ou par t\u00e9l\u00e9phone : +33621244630 Vous pouvez retrouver toutes nos actualit\u00e9s sur notre page facebook et instagram ! A tr\u00e8s vite !<\/p>\n","protected":false},"author":1,"featured_media":0,"parent":0,"menu_order":0,"comment_status":"closed","ping_status":"closed","template":"","meta":{"footnotes":""},"class_list":["post-24","page","type-page","status-publish","hentry"],"jetpack_sharing_enabled":true,"featured_media_urls":[],"_links":{"self":[{"href":"https:\/\/www.labordelevicomte.com\/index.php\/wp-json\/wp\/v2\/pages\/24","targetHints":{"allow":["GET"]}}],"collection":[{"href":"https:\/\/www.labordelevicomte.com\/index.php\/wp-json\/wp\/v2\/pages"}],"about":[{"href":"https:\/\/www.labordelevicomte.com\/index.php\/wp-json\/wp\/v2\/types\/page"}],"author":[{"embeddable":true,"href":"https:\/\/www.labordelevicomte.com\/index.php\/wp-json\/wp\/v2\/users\/1"}],"replies":[{"embeddable":true,"href":"https:\/\/www.labordelevicomte.com\/index.php\/wp-json\/wp\/v2\/comments?post=24"}],"version-history":[{"count":10,"href":"https:\/\/www.labordelevicomte.com\/index.php\/wp-json\/wp\/v2\/pages\/24\/revisions"}],"predecessor-version":[{"id":651,"href":"https:\/\/www.labordelevicomte.com\/index.php\/wp-json\/wp\/v2\/pages\/24\/revisions\/651"}],"wp:attachment":[{"href":"https:\/\/www.labordelevicomte.com\/index.php\/wp-json\/wp\/v2\/media?parent=24"}],"curies":[{"name":"wp","href":"https:\/\/api.w.org\/{rel}","templated":true}]}}