{"id":256,"date":"2025-01-21T23:33:02","date_gmt":"2025-01-21T22:33:02","guid":{"rendered":"https:\/\/www.labordelevicomte.com\/?page_id=256"},"modified":"2025-05-24T20:52:55","modified_gmt":"2025-05-24T18:52:55","slug":"le-chateau","status":"publish","type":"page","link":"https:\/\/www.labordelevicomte.com\/index.php\/le-chateau\/","title":{"rendered":"Le Ch\u00e2teau"},"content":{"rendered":"\n<div class=\"wp-block-columns alignwide are-vertically-aligned-top is-layout-flex wp-container-core-columns-is-layout-65eef5bf wp-block-columns-is-layout-flex\">\n<div class=\"wp-block-column is-vertically-aligned-top is-layout-flow wp-block-column-is-layout-flow\">\n<figure class=\"wp-block-image size-large hvr-grow\"><a href=\"https:\/\/www.labordelevicomte.com\/index.php\/lhistoire\/\"><img loading=\"lazy\" decoding=\"async\" width=\"432\" height=\"648\" src=\"https:\/\/www.labordelevicomte.com\/wp-content\/uploads\/2025\/01\/Plan-ancien-2-432x648.jpg\" alt=\"\" class=\"wp-image-263\"\/><\/a><\/figure>\n\n\n\n<p class=\"has-medium-font-size\" style=\"letter-spacing:0.75px\">SON <strong>PASS\u00c9<\/strong><\/p>\n\n\n\n<p>Le Domaine a retrouv\u00e9 son nom originel, celui dont l\u2019histoire remonte au XIII\u00e8me si\u00e8cle. Il faisait alors partie du vicomt\u00e9 de Melun.<\/p>\n\n\n\n<div class=\"wp-block-buttons is-layout-flex wp-container-core-buttons-is-layout-9bedd9bf wp-block-buttons-is-layout-flex\">\n<div class=\"wp-block-button is-style-outline is-style-outline--1\"><a class=\"wp-block-button__link wp-element-button\" href=\"https:\/\/www.labordelevicomte.com\/index.php\/lhistoire\/\" style=\"font-style:normal;font-weight:100\">En savoir plus<\/a><\/div>\n<\/div>\n<\/div>\n\n\n\n<div class=\"wp-block-column is-vertically-aligned-top is-layout-flow wp-block-column-is-layout-flow\">\n<figure class=\"wp-block-image size-large hvr-grow\"><a href=\"https:\/\/www.labordelevicomte.com\/index.php\/larchitecture\/\"><img loading=\"lazy\" decoding=\"async\" width=\"683\" height=\"1024\" src=\"https:\/\/www.labordelevicomte.com\/wp-content\/uploads\/2025\/01\/douves-claires-3-683x1024.jpg\" alt=\"\" class=\"wp-image-265\"\/><\/a><\/figure>\n\n\n\n<p class=\"has-medium-font-size\" style=\"letter-spacing:0.75px\">SON <strong>ARCHITECTURE<\/strong><\/p>\n\n\n\n<p>Des tours m\u00e9di\u00e9vales, des douves parmi les plus larges d\u2019\u00cele-de-France, et d\u2019autres tr\u00e9sors architecturaux sont \u00e0 d\u00e9couvrir.<\/p>\n\n\n\n<div class=\"wp-block-buttons is-layout-flex wp-container-core-buttons-is-layout-9bedd9bf wp-block-buttons-is-layout-flex\">\n<div class=\"wp-block-button is-style-outline is-style-outline--2\"><a class=\"wp-block-button__link wp-element-button\" href=\"https:\/\/www.labordelevicomte.com\/index.php\/larchitecture\/\" style=\"font-style:normal;font-weight:100\">En savoir plus<\/a><\/div>\n<\/div>\n<\/div>\n\n\n\n<div class=\"wp-block-column is-vertically-aligned-top is-layout-flow wp-block-column-is-layout-flow\">\n<figure class=\"wp-block-image size-large hvr-grow\"><a href=\"https:\/\/www.labordelevicomte.com\/index.php\/le-parc\/\"><img loading=\"lazy\" decoding=\"async\" width=\"534\" height=\"801\" src=\"https:\/\/www.labordelevicomte.com\/wp-content\/uploads\/2025\/01\/IMG-20220627-WA0006-534x801.jpg\" alt=\"\" class=\"wp-image-266\"\/><\/a><\/figure>\n\n\n\n<p class=\"has-medium-font-size\" style=\"letter-spacing:0.75px\">SON <strong>PARC<\/strong><\/p>\n\n\n\n<p>20 hectares \u00e0 explorer \u00e0 la rencontre de la faune et de la flore des lieux. Prairies et sous-bois s\u2019offrent \u00e0 vous pour de longues balades.<\/p>\n\n\n\n<div class=\"wp-block-buttons is-layout-flex wp-block-buttons-is-layout-flex\">\n<div class=\"wp-block-button is-style-outline is-style-outline--3\"><a class=\"wp-block-button__link wp-element-button\" href=\"https:\/\/www.labordelevicomte.com\/index.php\/le-parc\/\" style=\"font-style:normal;font-weight:100\">En savoir plus<\/a><\/div>\n<\/div>\n<\/div>\n<\/div>\n\n\n\n<p><\/p>\n","protected":false},"excerpt":{"rendered":"<p>SON PASS\u00c9 Le Domaine a retrouv\u00e9 son nom originel, celui dont l\u2019histoire remonte au XIII\u00e8me si\u00e8cle. Il faisait alors partie du vicomt\u00e9 de Melun. SON ARCHITECTURE Des tours m\u00e9di\u00e9vales, des douves parmi les plus larges d\u2019\u00cele-de-France, et d\u2019autres tr\u00e9sors architecturaux sont \u00e0 d\u00e9couvrir. SON PARC 20 hectares \u00e0 explorer \u00e0 la rencontre de la faune &hellip; <\/p>\n<p class=\"link-more\"><a href=\"https:\/\/www.labordelevicomte.com\/index.php\/le-chateau\/\" class=\"more-link\">Read more<span class=\"screen-reader-text\"> &#8220;Le Ch\u00e2teau&#8221;<\/span><\/a><\/p>\n","protected":false},"author":1,"featured_media":0,"parent":0,"menu_order":0,"comment_status":"closed","ping_status":"closed","template":"","meta":{"footnotes":""},"class_list":["post-256","page","type-page","status-publish","hentry"],"jetpack_sharing_enabled":true,"featured_media_urls":[],"_links":{"self":[{"href":"https:\/\/www.labordelevicomte.com\/index.php\/wp-json\/wp\/v2\/pages\/256","targetHints":{"allow":["GET"]}}],"collection":[{"href":"https:\/\/www.labordelevicomte.com\/index.php\/wp-json\/wp\/v2\/pages"}],"about":[{"href":"https:\/\/www.labordelevicomte.com\/index.php\/wp-json\/wp\/v2\/types\/page"}],"author":[{"embeddable":true,"href":"https:\/\/www.labordelevicomte.com\/index.php\/wp-json\/wp\/v2\/users\/1"}],"replies":[{"embeddable":true,"href":"https:\/\/www.labordelevicomte.com\/index.php\/wp-json\/wp\/v2\/comments?post=256"}],"version-history":[{"count":25,"href":"https:\/\/www.labordelevicomte.com\/index.php\/wp-json\/wp\/v2\/pages\/256\/revisions"}],"predecessor-version":[{"id":546,"href":"https:\/\/www.labordelevicomte.com\/index.php\/wp-json\/wp\/v2\/pages\/256\/revisions\/546"}],"wp:attachment":[{"href":"https:\/\/www.labordelevicomte.com\/index.php\/wp-json\/wp\/v2\/media?parent=256"}],"curies":[{"name":"wp","href":"https:\/\/api.w.org\/{rel}","templated":true}]}}