{"id":272,"date":"2025-01-22T10:59:36","date_gmt":"2025-01-22T09:59:36","guid":{"rendered":"https:\/\/www.labordelevicomte.com\/?page_id=272"},"modified":"2025-01-28T12:46:54","modified_gmt":"2025-01-28T11:46:54","slug":"le-parc","status":"publish","type":"page","link":"https:\/\/www.labordelevicomte.com\/index.php\/le-parc\/","title":{"rendered":"Son Parc"},"content":{"rendered":"\n<figure class=\"wp-block-image size-large\"><img loading=\"lazy\" decoding=\"async\" width=\"1024\" height=\"558\" src=\"http:\/\/www.labordelevicomte.com\/wp-content\/uploads\/2025\/01\/vue-aerienne-1024x558.jpg\" alt=\"\" class=\"wp-image-368\" srcset=\"https:\/\/www.labordelevicomte.com\/wp-content\/uploads\/2025\/01\/vue-aerienne-1024x558.jpg 1024w, https:\/\/www.labordelevicomte.com\/wp-content\/uploads\/2025\/01\/vue-aerienne-300x164.jpg 300w, https:\/\/www.labordelevicomte.com\/wp-content\/uploads\/2025\/01\/vue-aerienne.jpg 1600w\" sizes=\"auto, (max-width: 1024px) 100vw, 1024px\" \/><\/figure>\n\n\n\n<p style=\"font-size:clamp(14.642px, 0.915rem + ((1vw - 3.2px) * 0.766), 22px);\"><strong>20 hectares <\/strong>pour se laisser porter au travers des prairies briardes, des sous-bois et des jardins arbor\u00e9s. Au rythme des saisons, le paysage du Domaine varie, et invite \u00e0 se <strong>ressourcer en plein c\u0153ur de la nature.<\/strong><\/p>\n\n\n\n<div class=\"wp-block-columns is-layout-flex wp-container-core-columns-is-layout-28f84493 wp-block-columns-is-layout-flex\">\n<div class=\"wp-block-column is-layout-flow wp-block-column-is-layout-flow\">\n<figure class=\"wp-block-image size-large\"><img loading=\"lazy\" decoding=\"async\" width=\"768\" height=\"1024\" src=\"http:\/\/www.labordelevicomte.com\/wp-content\/uploads\/2025\/01\/IMG_3584-768x1024.jpeg\" alt=\"\" class=\"wp-image-370\" srcset=\"https:\/\/www.labordelevicomte.com\/wp-content\/uploads\/2025\/01\/IMG_3584-768x1024.jpeg 768w, https:\/\/www.labordelevicomte.com\/wp-content\/uploads\/2025\/01\/IMG_3584-225x300.jpeg 225w, https:\/\/www.labordelevicomte.com\/wp-content\/uploads\/2025\/01\/IMG_3584.jpeg 1536w\" sizes=\"auto, (max-width: 768px) 100vw, 768px\" \/><\/figure>\n<\/div>\n\n\n\n<div class=\"wp-block-column is-layout-flow wp-block-column-is-layout-flow\">\n<figure class=\"wp-block-image size-large\"><img loading=\"lazy\" decoding=\"async\" width=\"768\" height=\"1024\" src=\"http:\/\/www.labordelevicomte.com\/wp-content\/uploads\/2025\/01\/IMG_7862-768x1024.jpeg\" alt=\"\" class=\"wp-image-371\" srcset=\"https:\/\/www.labordelevicomte.com\/wp-content\/uploads\/2025\/01\/IMG_7862-768x1024.jpeg 768w, https:\/\/www.labordelevicomte.com\/wp-content\/uploads\/2025\/01\/IMG_7862-225x300.jpeg 225w, https:\/\/www.labordelevicomte.com\/wp-content\/uploads\/2025\/01\/IMG_7862.jpeg 1536w\" sizes=\"auto, (max-width: 768px) 100vw, 768px\" \/><\/figure>\n<\/div>\n<\/div>\n\n\n\n<p class=\"has-text-align-center has-medium-font-size\">Les habitants du parc vous accompagnent au cours de votre balade.<\/p>\n\n\n\n<div class=\"wp-block-columns is-layout-flex wp-container-core-columns-is-layout-28f84493 wp-block-columns-is-layout-flex\">\n<div class=\"wp-block-column is-layout-flow wp-block-column-is-layout-flow\">\n<figure class=\"wp-block-image size-large\"><img loading=\"lazy\" decoding=\"async\" width=\"1024\" height=\"768\" src=\"http:\/\/www.labordelevicomte.com\/wp-content\/uploads\/2025\/01\/20200414_174926-1024x768.jpg\" alt=\"\" class=\"wp-image-372\" srcset=\"https:\/\/www.labordelevicomte.com\/wp-content\/uploads\/2025\/01\/20200414_174926-1024x768.jpg 1024w, https:\/\/www.labordelevicomte.com\/wp-content\/uploads\/2025\/01\/20200414_174926-300x225.jpg 300w, https:\/\/www.labordelevicomte.com\/wp-content\/uploads\/2025\/01\/20200414_174926-2000x1500.jpg 2000w\" sizes=\"auto, (max-width: 1024px) 100vw, 1024px\" \/><\/figure>\n<\/div>\n\n\n\n<div class=\"wp-block-column is-layout-flow wp-block-column-is-layout-flow\">\n<figure class=\"wp-block-image size-large\"><img loading=\"lazy\" decoding=\"async\" width=\"1024\" height=\"768\" src=\"http:\/\/www.labordelevicomte.com\/wp-content\/uploads\/2025\/01\/20200521_205115-1-1024x768.jpg\" alt=\"\" class=\"wp-image-373\" srcset=\"https:\/\/www.labordelevicomte.com\/wp-content\/uploads\/2025\/01\/20200521_205115-1-1024x768.jpg 1024w, https:\/\/www.labordelevicomte.com\/wp-content\/uploads\/2025\/01\/20200521_205115-1-300x225.jpg 300w, https:\/\/www.labordelevicomte.com\/wp-content\/uploads\/2025\/01\/20200521_205115-1-2000x1500.jpg 2000w\" sizes=\"auto, (max-width: 1024px) 100vw, 1024px\" \/><\/figure>\n<\/div>\n<\/div>\n\n\n\n<div class=\"wp-block-columns is-layout-flex wp-container-core-columns-is-layout-28f84493 wp-block-columns-is-layout-flex\">\n<div class=\"wp-block-column is-vertically-aligned-center is-layout-flow wp-block-column-is-layout-flow\">\n<p>Des ch\u00eanes centenaires aux n\u00e9nuphars, c\u2019est toute une diversit\u00e9 d\u2019esp\u00e8ces de v\u00e9g\u00e9taux qui peuplent le parc.<\/p>\n<\/div>\n\n\n\n<div class=\"wp-block-column is-layout-flow wp-block-column-is-layout-flow\">\n<figure class=\"wp-block-image size-full\"><img loading=\"lazy\" decoding=\"async\" width=\"755\" height=\"1024\" src=\"http:\/\/www.labordelevicomte.com\/wp-content\/uploads\/2025\/01\/IMG-20211114-WA0000.jpg\" alt=\"\" class=\"wp-image-374\" srcset=\"https:\/\/www.labordelevicomte.com\/wp-content\/uploads\/2025\/01\/IMG-20211114-WA0000.jpg 755w, https:\/\/www.labordelevicomte.com\/wp-content\/uploads\/2025\/01\/IMG-20211114-WA0000-221x300.jpg 221w\" sizes=\"auto, (max-width: 755px) 100vw, 755px\" \/><\/figure>\n<\/div>\n<\/div>\n","protected":false},"excerpt":{"rendered":"<p>20 hectares pour se laisser porter au travers des prairies briardes, des sous-bois et des jardins arbor\u00e9s. Au rythme des saisons, le paysage du Domaine varie, et invite \u00e0 se ressourcer en plein c\u0153ur de la nature. Les habitants du parc vous accompagnent au cours de votre balade. Des ch\u00eanes centenaires aux n\u00e9nuphars, c\u2019est toute &hellip; <\/p>\n<p class=\"link-more\"><a href=\"https:\/\/www.labordelevicomte.com\/index.php\/le-parc\/\" class=\"more-link\">Read more<span class=\"screen-reader-text\"> &#8220;Son Parc&#8221;<\/span><\/a><\/p>\n","protected":false},"author":1,"featured_media":0,"parent":0,"menu_order":0,"comment_status":"closed","ping_status":"closed","template":"","meta":{"footnotes":""},"class_list":["post-272","page","type-page","status-publish","hentry"],"jetpack_sharing_enabled":true,"featured_media_urls":[],"_links":{"self":[{"href":"https:\/\/www.labordelevicomte.com\/index.php\/wp-json\/wp\/v2\/pages\/272","targetHints":{"allow":["GET"]}}],"collection":[{"href":"https:\/\/www.labordelevicomte.com\/index.php\/wp-json\/wp\/v2\/pages"}],"about":[{"href":"https:\/\/www.labordelevicomte.com\/index.php\/wp-json\/wp\/v2\/types\/page"}],"author":[{"embeddable":true,"href":"https:\/\/www.labordelevicomte.com\/index.php\/wp-json\/wp\/v2\/users\/1"}],"replies":[{"embeddable":true,"href":"https:\/\/www.labordelevicomte.com\/index.php\/wp-json\/wp\/v2\/comments?post=272"}],"version-history":[{"count":4,"href":"https:\/\/www.labordelevicomte.com\/index.php\/wp-json\/wp\/v2\/pages\/272\/revisions"}],"predecessor-version":[{"id":376,"href":"https:\/\/www.labordelevicomte.com\/index.php\/wp-json\/wp\/v2\/pages\/272\/revisions\/376"}],"wp:attachment":[{"href":"https:\/\/www.labordelevicomte.com\/index.php\/wp-json\/wp\/v2\/media?parent=272"}],"curies":[{"name":"wp","href":"https:\/\/api.w.org\/{rel}","templated":true}]}}