{"id":322,"date":"2025-01-28T10:45:55","date_gmt":"2025-01-28T09:45:55","guid":{"rendered":"https:\/\/www.labordelevicomte.com\/?page_id=322"},"modified":"2025-05-24T22:12:27","modified_gmt":"2025-05-24T20:12:27","slug":"ecurie","status":"publish","type":"page","link":"https:\/\/www.labordelevicomte.com\/index.php\/ecurie\/","title":{"rendered":"L&#8217;\u00c9curie"},"content":{"rendered":"\n<div class=\"wp-block-columns is-layout-flex wp-container-core-columns-is-layout-28f84493 wp-block-columns-is-layout-flex\">\n<div class=\"wp-block-column is-layout-flow wp-block-column-is-layout-flow\">\n<figure class=\"wp-block-image size-full hvr-grow\"><a href=\"https:\/\/www.labordelevicomte.com\/index.php\/le-concept\/\"><img loading=\"lazy\" decoding=\"async\" width=\"318\" height=\"510\" src=\"http:\/\/www.labordelevicomte.com\/wp-content\/uploads\/2025\/05\/Capture-decran-2025-05-24-004100.jpg\" alt=\"\" class=\"wp-image-530\" style=\"aspect-ratio:3\/4;object-fit:cover\" srcset=\"https:\/\/www.labordelevicomte.com\/wp-content\/uploads\/2025\/05\/Capture-decran-2025-05-24-004100.jpg 318w, https:\/\/www.labordelevicomte.com\/wp-content\/uploads\/2025\/05\/Capture-decran-2025-05-24-004100-187x300.jpg 187w\" sizes=\"auto, (max-width: 318px) 100vw, 318px\" \/><\/a><\/figure>\n\n\n\n<p class=\"has-text-align-left\">LE <strong>CONCEPT<\/strong><\/p>\n\n\n\n<p class=\"has-text-align-left\">Un nouveau mode d&#8217;h\u00e9bergement pour nos amis les chevaux pr\u00f4nant leur bien-\u00eatre.<\/p>\n\n\n\n<div class=\"wp-block-buttons is-layout-flex wp-block-buttons-is-layout-flex\">\n<div class=\"wp-block-button is-style-outline is-style-outline--1\"><a class=\"wp-block-button__link has-text-align-center wp-element-button\" href=\"https:\/\/www.labordelevicomte.com\/index.php\/le-concept\/\" style=\"font-style:normal;font-weight:100\">En savoir plus<\/a><\/div>\n<\/div>\n<\/div>\n\n\n\n<div class=\"wp-block-column is-layout-flow wp-block-column-is-layout-flow\">\n<figure class=\"wp-block-image size-large hvr-grow\"><a href=\"https:\/\/www.labordelevicomte.com\/index.php\/pensions\/\"><img loading=\"lazy\" decoding=\"async\" width=\"768\" height=\"1024\" src=\"http:\/\/www.labordelevicomte.com\/wp-content\/uploads\/2025\/05\/f104cb21-dea5-4fa4-ab5f-6947adbf1434-768x1024.jpeg\" alt=\"\" class=\"wp-image-531\" style=\"aspect-ratio:3\/4;object-fit:cover\" srcset=\"https:\/\/www.labordelevicomte.com\/wp-content\/uploads\/2025\/05\/f104cb21-dea5-4fa4-ab5f-6947adbf1434-768x1024.jpeg 768w, https:\/\/www.labordelevicomte.com\/wp-content\/uploads\/2025\/05\/f104cb21-dea5-4fa4-ab5f-6947adbf1434-225x300.jpeg 225w, https:\/\/www.labordelevicomte.com\/wp-content\/uploads\/2025\/05\/f104cb21-dea5-4fa4-ab5f-6947adbf1434.jpeg 1200w\" sizes=\"auto, (max-width: 768px) 100vw, 768px\" \/><\/a><\/figure>\n\n\n\n<p class=\"has-text-align-left\">NOS <strong>PENSIONS<\/strong><\/p>\n\n\n\n<p>Les besoins essentiels des chevaux remplis dans nos deux formules de pensions.<\/p>\n\n\n\n<div class=\"wp-block-buttons is-layout-flex wp-block-buttons-is-layout-flex\">\n<div class=\"wp-block-button is-style-outline is-style-outline--2\"><a class=\"wp-block-button__link wp-element-button\" href=\"https:\/\/www.labordelevicomte.com\/index.php\/pensions\/\" style=\"font-style:normal;font-weight:100\">En savoir plus<\/a><\/div>\n<\/div>\n<\/div>\n\n\n\n<div class=\"wp-block-column is-layout-flow wp-block-column-is-layout-flow\">\n<figure class=\"wp-block-image size-large hvr-grow\"><a href=\"https:\/\/www.labordelevicomte.com\/index.php\/les-installations\/\"><img loading=\"lazy\" decoding=\"async\" width=\"768\" height=\"1024\" src=\"http:\/\/www.labordelevicomte.com\/wp-content\/uploads\/2025\/05\/IMG_0549-768x1024.jpeg\" alt=\"\" class=\"wp-image-532\" style=\"aspect-ratio:3\/4;object-fit:cover\" srcset=\"https:\/\/www.labordelevicomte.com\/wp-content\/uploads\/2025\/05\/IMG_0549-768x1024.jpeg 768w, https:\/\/www.labordelevicomte.com\/wp-content\/uploads\/2025\/05\/IMG_0549-225x300.jpeg 225w, https:\/\/www.labordelevicomte.com\/wp-content\/uploads\/2025\/05\/IMG_0549.jpeg 1536w\" sizes=\"auto, (max-width: 768px) 100vw, 768px\" \/><\/a><\/figure>\n\n\n\n<p class=\"has-text-align-left\">NOS <strong>INSTALLATIONS<\/strong><\/p>\n\n\n\n<p>La vocation \u00e9questre des lieux a \u00e9t\u00e9 raviv\u00e9e par nos soins en pensant exclusivement au bien-\u00eatre de nos pensionnaires. <\/p>\n\n\n\n<div class=\"wp-block-buttons is-layout-flex wp-block-buttons-is-layout-flex\">\n<div class=\"wp-block-button is-style-outline is-style-outline--3\"><a class=\"wp-block-button__link wp-element-button\" href=\"https:\/\/www.labordelevicomte.com\/index.php\/les-installations\/\" style=\"font-style:normal;font-weight:100\">En savoir plus<\/a><\/div>\n<\/div>\n<\/div>\n\n\n\n<div class=\"wp-block-column is-layout-flow wp-block-column-is-layout-flow\">\n<figure class=\"wp-block-image size-full hvr-grow\"><a href=\"https:\/\/www.labordelevicomte.com\/index.php\/philosophie\/\"><img loading=\"lazy\" decoding=\"async\" width=\"468\" height=\"589\" src=\"http:\/\/www.labordelevicomte.com\/wp-content\/uploads\/2025\/05\/VideoCapture_20220627-212215.jpg\" alt=\"\" class=\"wp-image-533\" style=\"aspect-ratio:3\/4;object-fit:cover\" srcset=\"https:\/\/www.labordelevicomte.com\/wp-content\/uploads\/2025\/05\/VideoCapture_20220627-212215.jpg 468w, https:\/\/www.labordelevicomte.com\/wp-content\/uploads\/2025\/05\/VideoCapture_20220627-212215-238x300.jpg 238w\" sizes=\"auto, (max-width: 468px) 100vw, 468px\" \/><\/a><\/figure>\n\n\n\n<p class=\"has-text-align-left\">NOTRE <strong>PHILOSOPHIE<\/strong><\/p>\n\n\n\n<p>Notre vision du cheval est globale en commen\u00e7ant par les soins qui lui sont accord\u00e9s jusqu&#8217;\u00e0 son dressage.<\/p>\n\n\n\n<div class=\"wp-block-buttons is-layout-flex wp-block-buttons-is-layout-flex\">\n<div class=\"wp-block-button is-style-outline is-style-outline--4\"><a class=\"wp-block-button__link wp-element-button\" href=\"https:\/\/www.labordelevicomte.com\/index.php\/philosophie\/\" style=\"font-style:normal;font-weight:100\">En savoir plus<\/a><\/div>\n<\/div>\n<\/div>\n<\/div>\n\n\n\n<p><\/p>\n","protected":false},"excerpt":{"rendered":"<p>LE CONCEPT Un nouveau mode d&#8217;h\u00e9bergement pour nos amis les chevaux pr\u00f4nant leur bien-\u00eatre. NOS PENSIONS Les besoins essentiels des chevaux remplis dans nos deux formules de pensions. NOS INSTALLATIONS La vocation \u00e9questre des lieux a \u00e9t\u00e9 raviv\u00e9e par nos soins en pensant exclusivement au bien-\u00eatre de nos pensionnaires. NOTRE PHILOSOPHIE Notre vision du cheval &hellip; <\/p>\n<p class=\"link-more\"><a href=\"https:\/\/www.labordelevicomte.com\/index.php\/ecurie\/\" class=\"more-link\">Read more<span class=\"screen-reader-text\"> &#8220;L&#8217;\u00c9curie&#8221;<\/span><\/a><\/p>\n","protected":false},"author":1,"featured_media":0,"parent":0,"menu_order":0,"comment_status":"closed","ping_status":"closed","template":"","meta":{"footnotes":""},"class_list":["post-322","page","type-page","status-publish","hentry"],"jetpack_sharing_enabled":true,"featured_media_urls":[],"_links":{"self":[{"href":"https:\/\/www.labordelevicomte.com\/index.php\/wp-json\/wp\/v2\/pages\/322","targetHints":{"allow":["GET"]}}],"collection":[{"href":"https:\/\/www.labordelevicomte.com\/index.php\/wp-json\/wp\/v2\/pages"}],"about":[{"href":"https:\/\/www.labordelevicomte.com\/index.php\/wp-json\/wp\/v2\/types\/page"}],"author":[{"embeddable":true,"href":"https:\/\/www.labordelevicomte.com\/index.php\/wp-json\/wp\/v2\/users\/1"}],"replies":[{"embeddable":true,"href":"https:\/\/www.labordelevicomte.com\/index.php\/wp-json\/wp\/v2\/comments?post=322"}],"version-history":[{"count":9,"href":"https:\/\/www.labordelevicomte.com\/index.php\/wp-json\/wp\/v2\/pages\/322\/revisions"}],"predecessor-version":[{"id":564,"href":"https:\/\/www.labordelevicomte.com\/index.php\/wp-json\/wp\/v2\/pages\/322\/revisions\/564"}],"wp:attachment":[{"href":"https:\/\/www.labordelevicomte.com\/index.php\/wp-json\/wp\/v2\/media?parent=322"}],"curies":[{"name":"wp","href":"https:\/\/api.w.org\/{rel}","templated":true}]}}