{"id":385,"date":"2025-05-22T22:44:07","date_gmt":"2025-05-22T20:44:07","guid":{"rendered":"https:\/\/www.labordelevicomte.com\/?page_id=385"},"modified":"2025-05-23T23:09:34","modified_gmt":"2025-05-23T21:09:34","slug":"la-maison-du-haras","status":"publish","type":"page","link":"https:\/\/www.labordelevicomte.com\/index.php\/la-maison-du-haras\/","title":{"rendered":"La Maison du Haras"},"content":{"rendered":"\n<p class=\"has-text-align-center\" style=\"font-size:clamp(18.959px, 1.185rem + ((1vw - 3.2px) * 1.15), 30px);font-style:normal;font-weight:300\">La <strong>Maison <\/strong>du <strong>Haras<\/strong><\/p>\n\n\n\n<figure class=\"wp-block-image size-large\" style=\"margin-right:var(--wp--preset--spacing--small);margin-left:var(--wp--preset--spacing--small)\"><a href=\"https:\/\/www.gites-seine-et-marne.com\/location-vacances-Gite-La-Maison-Du-Haras-a-Chatillon-la-borde-77G644.html\"><img loading=\"lazy\" decoding=\"async\" width=\"1024\" height=\"577\" src=\"http:\/\/www.labordelevicomte.com\/wp-content\/uploads\/2025\/05\/entree-cote-cour-1024x577.jpg\" alt=\"\" class=\"wp-image-391\" srcset=\"https:\/\/www.labordelevicomte.com\/wp-content\/uploads\/2025\/05\/entree-cote-cour-1024x577.jpg 1024w, https:\/\/www.labordelevicomte.com\/wp-content\/uploads\/2025\/05\/entree-cote-cour-300x169.jpg 300w, https:\/\/www.labordelevicomte.com\/wp-content\/uploads\/2025\/05\/entree-cote-cour.jpg 2000w\" sizes=\"auto, (max-width: 1024px) 100vw, 1024px\" \/><\/a><\/figure>\n\n\n\n<div class=\"wp-block-columns is-layout-flex wp-container-core-columns-is-layout-4b84a608 wp-block-columns-is-layout-flex\">\n<div class=\"wp-block-column is-layout-flow wp-block-column-is-layout-flow\" style=\"flex-basis:66.66%\">\n<figure class=\"wp-block-image size-large\"><img loading=\"lazy\" decoding=\"async\" width=\"1024\" height=\"629\" src=\"http:\/\/www.labordelevicomte.com\/wp-content\/uploads\/2025\/05\/suite-1-1024x629.jpg\" alt=\"\" class=\"wp-image-392\" srcset=\"https:\/\/www.labordelevicomte.com\/wp-content\/uploads\/2025\/05\/suite-1-1024x629.jpg 1024w, https:\/\/www.labordelevicomte.com\/wp-content\/uploads\/2025\/05\/suite-1-300x184.jpg 300w, https:\/\/www.labordelevicomte.com\/wp-content\/uploads\/2025\/05\/suite-1.jpg 1834w\" sizes=\"auto, (max-width: 1024px) 100vw, 1024px\" \/><\/figure>\n<\/div>\n\n\n\n<div class=\"wp-block-column has-x-small-font-size is-layout-flow wp-container-core-column-is-layout-b108c007 wp-block-column-is-layout-flow\" style=\"padding-right:0;padding-left:0;flex-basis:33.33%\">\n<p>NOTRE <strong>MERVEILLEUX COTTAGE BRIARD<\/strong> dispose de<\/p>\n\n\n\n<p>Deux suites : Chambre Lit Queen size, petit salon avec canap\u00e9 convertible et salle d&#8217;eau ind\u00e9pendante avec douche \u00e0 l&#8217;italienne et wc<\/p>\n\n\n\n<p>Une chambre double : Lit Queen size et salle d&#8217;eau ind\u00e9pendante avec douche \u00e0 l&#8217;italienne et wc<\/p>\n\n\n\n<p>Un salon avec chemin\u00e9e et tout le confort d\u00e9sir\u00e9 ainsi qu&#8217;une belle table pour partager des moments en famille ou entre amis ! <\/p>\n\n\n\n<p>Une cuisine toute \u00e9quip\u00e9e, par\u00e9e pour faire face \u00e0 tous vos exploits ! <\/p>\n<\/div>\n<\/div>\n\n\n\n<div class=\"wp-block-columns is-layout-flex wp-container-core-columns-is-layout-28f84493 wp-block-columns-is-layout-flex\">\n<div class=\"wp-block-column is-layout-flow wp-block-column-is-layout-flow\">\n<p class=\"has-text-align-center\">Pour r\u00e9server en ligne :<\/p>\n\n\n\n<div class=\"wp-block-buttons is-content-justification-center is-layout-flex wp-container-core-buttons-is-layout-a89b3969 wp-block-buttons-is-layout-flex\">\n<div class=\"wp-block-button is-style-outline is-style-outline--1\"><a class=\"wp-block-button__link wp-element-button\" href=\"https:\/\/www.gites-seine-et-marne.com\/location-vacances-Gite-La-Maison-Du-Haras-a-Chatillon-la-borde-77G644.html\">On vous laisse les clefs ici&#8230;<\/a><\/div>\n<\/div>\n<\/div>\n\n\n\n<div class=\"wp-block-column is-layout-flow wp-block-column-is-layout-flow\">\n<p class=\"has-text-align-center\">Ou pour r\u00e9server directement aupr\u00e8s de nous par mail :<\/p>\n\n\n\n<div class=\"wp-block-buttons is-content-justification-center is-layout-flex wp-container-core-buttons-is-layout-a89b3969 wp-block-buttons-is-layout-flex\">\n<div class=\"wp-block-button is-style-outline is-style-outline--2\"><a class=\"wp-block-button__link wp-element-button\">contact@lblv.fr<\/a><\/div>\n<\/div>\n<\/div>\n<\/div>\n\n\n\n<div class=\"wp-block-columns is-layout-flex wp-container-core-columns-is-layout-28f84493 wp-block-columns-is-layout-flex\">\n<div class=\"wp-block-column is-layout-flow wp-block-column-is-layout-flow\">\n<figure class=\"wp-block-image size-large\"><img loading=\"lazy\" decoding=\"async\" width=\"1024\" height=\"577\" src=\"http:\/\/www.labordelevicomte.com\/wp-content\/uploads\/2025\/05\/Cote-TV-et-cheminee-1024x577.jpg\" alt=\"\" class=\"wp-image-389\" style=\"aspect-ratio:4\/3;object-fit:cover\" srcset=\"https:\/\/www.labordelevicomte.com\/wp-content\/uploads\/2025\/05\/Cote-TV-et-cheminee-1024x577.jpg 1024w, https:\/\/www.labordelevicomte.com\/wp-content\/uploads\/2025\/05\/Cote-TV-et-cheminee-300x169.jpg 300w, https:\/\/www.labordelevicomte.com\/wp-content\/uploads\/2025\/05\/Cote-TV-et-cheminee.jpg 2000w\" sizes=\"auto, (max-width: 1024px) 100vw, 1024px\" \/><\/figure>\n<\/div>\n\n\n\n<div class=\"wp-block-column is-layout-flow wp-block-column-is-layout-flow\">\n<figure class=\"wp-block-image size-large\"><img loading=\"lazy\" decoding=\"async\" width=\"1024\" height=\"702\" src=\"http:\/\/www.labordelevicomte.com\/wp-content\/uploads\/2025\/05\/cuisine-1024x702.jpg\" alt=\"\" class=\"wp-image-390\" style=\"aspect-ratio:4\/3;object-fit:cover\" srcset=\"https:\/\/www.labordelevicomte.com\/wp-content\/uploads\/2025\/05\/cuisine-1024x702.jpg 1024w, https:\/\/www.labordelevicomte.com\/wp-content\/uploads\/2025\/05\/cuisine-300x206.jpg 300w, https:\/\/www.labordelevicomte.com\/wp-content\/uploads\/2025\/05\/cuisine.jpg 1500w\" sizes=\"auto, (max-width: 1024px) 100vw, 1024px\" \/><\/figure>\n<\/div>\n\n\n\n<div class=\"wp-block-column is-layout-flow wp-block-column-is-layout-flow\">\n<figure class=\"wp-block-image size-large\"><img loading=\"lazy\" decoding=\"async\" width=\"577\" height=\"1024\" src=\"http:\/\/www.labordelevicomte.com\/wp-content\/uploads\/2025\/05\/01fd62b9-6b92-4e53-9f3d-7c10330fa8e6-577x1024.jpg\" alt=\"\" class=\"wp-image-406\" style=\"aspect-ratio:4\/3;object-fit:cover\" srcset=\"https:\/\/www.labordelevicomte.com\/wp-content\/uploads\/2025\/05\/01fd62b9-6b92-4e53-9f3d-7c10330fa8e6-577x1024.jpg 577w, https:\/\/www.labordelevicomte.com\/wp-content\/uploads\/2025\/05\/01fd62b9-6b92-4e53-9f3d-7c10330fa8e6-169x300.jpg 169w, https:\/\/www.labordelevicomte.com\/wp-content\/uploads\/2025\/05\/01fd62b9-6b92-4e53-9f3d-7c10330fa8e6.jpg 1126w\" sizes=\"auto, (max-width: 577px) 100vw, 577px\" \/><\/figure>\n<\/div>\n<\/div>\n\n\n\n<figure class=\"wp-block-image aligncenter size-large\"><img loading=\"lazy\" decoding=\"async\" width=\"1024\" height=\"577\" src=\"http:\/\/www.labordelevicomte.com\/wp-content\/uploads\/2025\/05\/fe5bc784-d3c4-4a18-b8d6-57c3fa297953-1024x577.jpg\" alt=\"\" class=\"wp-image-407\" srcset=\"https:\/\/www.labordelevicomte.com\/wp-content\/uploads\/2025\/05\/fe5bc784-d3c4-4a18-b8d6-57c3fa297953-1024x577.jpg 1024w, https:\/\/www.labordelevicomte.com\/wp-content\/uploads\/2025\/05\/fe5bc784-d3c4-4a18-b8d6-57c3fa297953-300x169.jpg 300w, https:\/\/www.labordelevicomte.com\/wp-content\/uploads\/2025\/05\/fe5bc784-d3c4-4a18-b8d6-57c3fa297953.jpg 2000w\" sizes=\"auto, (max-width: 1024px) 100vw, 1024px\" \/><\/figure>\n\n\n\n<div class=\"wp-block-columns is-layout-flex wp-container-core-columns-is-layout-28f84493 wp-block-columns-is-layout-flex\">\n<div class=\"wp-block-column is-layout-flow wp-block-column-is-layout-flow\" style=\"flex-basis:50%\">\n<figure class=\"wp-block-image size-large\"><img loading=\"lazy\" decoding=\"async\" width=\"768\" height=\"1024\" src=\"http:\/\/www.labordelevicomte.com\/wp-content\/uploads\/2025\/05\/6948d979-6b35-4c44-b0a4-10a6a41aa37a-768x1024.jpg\" alt=\"\" class=\"wp-image-404\" srcset=\"https:\/\/www.labordelevicomte.com\/wp-content\/uploads\/2025\/05\/6948d979-6b35-4c44-b0a4-10a6a41aa37a-768x1024.jpg 768w, https:\/\/www.labordelevicomte.com\/wp-content\/uploads\/2025\/05\/6948d979-6b35-4c44-b0a4-10a6a41aa37a-225x300.jpg 225w, https:\/\/www.labordelevicomte.com\/wp-content\/uploads\/2025\/05\/6948d979-6b35-4c44-b0a4-10a6a41aa37a.jpg 1512w\" sizes=\"auto, (max-width: 768px) 100vw, 768px\" \/><\/figure>\n<\/div>\n\n\n\n<div class=\"wp-block-column is-layout-flow wp-block-column-is-layout-flow\" style=\"flex-basis:50%\">\n<figure class=\"wp-block-image size-large\"><img loading=\"lazy\" decoding=\"async\" width=\"768\" height=\"1024\" src=\"http:\/\/www.labordelevicomte.com\/wp-content\/uploads\/2025\/05\/286d8b89-ab51-44ca-a03b-90de61a86211-768x1024.jpg\" alt=\"\" class=\"wp-image-405\" srcset=\"https:\/\/www.labordelevicomte.com\/wp-content\/uploads\/2025\/05\/286d8b89-ab51-44ca-a03b-90de61a86211-768x1024.jpg 768w, https:\/\/www.labordelevicomte.com\/wp-content\/uploads\/2025\/05\/286d8b89-ab51-44ca-a03b-90de61a86211-225x300.jpg 225w, https:\/\/www.labordelevicomte.com\/wp-content\/uploads\/2025\/05\/286d8b89-ab51-44ca-a03b-90de61a86211.jpg 1512w\" sizes=\"auto, (max-width: 768px) 100vw, 768px\" \/><\/figure>\n<\/div>\n<\/div>\n","protected":false},"excerpt":{"rendered":"<p>La Maison du Haras NOTRE MERVEILLEUX COTTAGE BRIARD dispose de Deux suites : Chambre Lit Queen size, petit salon avec canap\u00e9 convertible et salle d&#8217;eau ind\u00e9pendante avec douche \u00e0 l&#8217;italienne et wc Une chambre double : Lit Queen size et salle d&#8217;eau ind\u00e9pendante avec douche \u00e0 l&#8217;italienne et wc Un salon avec chemin\u00e9e et tout &hellip; <\/p>\n<p class=\"link-more\"><a href=\"https:\/\/www.labordelevicomte.com\/index.php\/la-maison-du-haras\/\" class=\"more-link\">Read more<span class=\"screen-reader-text\"> &#8220;La Maison du Haras&#8221;<\/span><\/a><\/p>\n","protected":false},"author":1,"featured_media":0,"parent":0,"menu_order":0,"comment_status":"closed","ping_status":"closed","template":"","meta":{"footnotes":""},"class_list":["post-385","page","type-page","status-publish","hentry"],"jetpack_sharing_enabled":true,"featured_media_urls":[],"_links":{"self":[{"href":"https:\/\/www.labordelevicomte.com\/index.php\/wp-json\/wp\/v2\/pages\/385","targetHints":{"allow":["GET"]}}],"collection":[{"href":"https:\/\/www.labordelevicomte.com\/index.php\/wp-json\/wp\/v2\/pages"}],"about":[{"href":"https:\/\/www.labordelevicomte.com\/index.php\/wp-json\/wp\/v2\/types\/page"}],"author":[{"embeddable":true,"href":"https:\/\/www.labordelevicomte.com\/index.php\/wp-json\/wp\/v2\/users\/1"}],"replies":[{"embeddable":true,"href":"https:\/\/www.labordelevicomte.com\/index.php\/wp-json\/wp\/v2\/comments?post=385"}],"version-history":[{"count":20,"href":"https:\/\/www.labordelevicomte.com\/index.php\/wp-json\/wp\/v2\/pages\/385\/revisions"}],"predecessor-version":[{"id":487,"href":"https:\/\/www.labordelevicomte.com\/index.php\/wp-json\/wp\/v2\/pages\/385\/revisions\/487"}],"wp:attachment":[{"href":"https:\/\/www.labordelevicomte.com\/index.php\/wp-json\/wp\/v2\/media?parent=385"}],"curies":[{"name":"wp","href":"https:\/\/api.w.org\/{rel}","templated":true}]}}