{"id":442,"date":"2025-05-23T23:05:09","date_gmt":"2025-05-23T21:05:09","guid":{"rendered":"https:\/\/www.labordelevicomte.com\/?page_id=442"},"modified":"2025-05-23T23:05:11","modified_gmt":"2025-05-23T21:05:11","slug":"son-art-de-vivre","status":"publish","type":"page","link":"https:\/\/www.labordelevicomte.com\/index.php\/son-art-de-vivre\/","title":{"rendered":"Son art de vivre"},"content":{"rendered":"\n<div class=\"wp-block-columns is-layout-flex wp-container-core-columns-is-layout-28f84493 wp-block-columns-is-layout-flex\">\n<div class=\"wp-block-column is-layout-flow wp-block-column-is-layout-flow\">\n<figure class=\"wp-block-image size-large\"><img loading=\"lazy\" decoding=\"async\" width=\"768\" height=\"1024\" src=\"http:\/\/www.labordelevicomte.com\/wp-content\/uploads\/2025\/05\/IMG_4161-768x1024.jpeg\" alt=\"\" class=\"wp-image-467\" srcset=\"https:\/\/www.labordelevicomte.com\/wp-content\/uploads\/2025\/05\/IMG_4161-768x1024.jpeg 768w, https:\/\/www.labordelevicomte.com\/wp-content\/uploads\/2025\/05\/IMG_4161-225x300.jpeg 225w, https:\/\/www.labordelevicomte.com\/wp-content\/uploads\/2025\/05\/IMG_4161.jpeg 1536w\" sizes=\"auto, (max-width: 768px) 100vw, 768px\" \/><\/figure>\n\n\n\n<p class=\"has-text-align-center\">Se <strong>balader <\/strong>dans le parc<\/p>\n<\/div>\n\n\n\n<div class=\"wp-block-column is-layout-flow wp-block-column-is-layout-flow\">\n<figure class=\"wp-block-image size-large\"><img loading=\"lazy\" decoding=\"async\" width=\"768\" height=\"1024\" src=\"http:\/\/www.labordelevicomte.com\/wp-content\/uploads\/2025\/05\/IMG_0110-768x1024.jpeg\" alt=\"\" class=\"wp-image-469\" srcset=\"https:\/\/www.labordelevicomte.com\/wp-content\/uploads\/2025\/05\/IMG_0110-768x1024.jpeg 768w, https:\/\/www.labordelevicomte.com\/wp-content\/uploads\/2025\/05\/IMG_0110-225x300.jpeg 225w, https:\/\/www.labordelevicomte.com\/wp-content\/uploads\/2025\/05\/IMG_0110.jpeg 1536w\" sizes=\"auto, (max-width: 768px) 100vw, 768px\" \/><\/figure>\n\n\n\n<p class=\"has-text-align-center\"><strong>D\u00e9couvrir <\/strong>le <strong>pass\u00e9 <\/strong>des lieux<\/p>\n<\/div>\n\n\n\n<div class=\"wp-block-column is-layout-flow wp-block-column-is-layout-flow\">\n<figure class=\"wp-block-image size-large\"><img loading=\"lazy\" decoding=\"async\" width=\"768\" height=\"1024\" src=\"http:\/\/www.labordelevicomte.com\/wp-content\/uploads\/2025\/05\/IMG_7005-b-768x1024.jpg\" alt=\"\" class=\"wp-image-477\" srcset=\"https:\/\/www.labordelevicomte.com\/wp-content\/uploads\/2025\/05\/IMG_7005-b-768x1024.jpg 768w, https:\/\/www.labordelevicomte.com\/wp-content\/uploads\/2025\/05\/IMG_7005-b-225x300.jpg 225w, https:\/\/www.labordelevicomte.com\/wp-content\/uploads\/2025\/05\/IMG_7005-b.jpg 811w\" sizes=\"auto, (max-width: 768px) 100vw, 768px\" \/><\/figure>\n\n\n\n<p class=\"has-text-align-center\"><strong>Profiter <\/strong>d&#8217;un ap\u00e9ritif ou d&#8217;un barbecue <\/p>\n<\/div>\n<\/div>\n\n\n\n<div class=\"wp-block-columns is-layout-flex wp-container-core-columns-is-layout-28f84493 wp-block-columns-is-layout-flex\">\n<div class=\"wp-block-column is-layout-flow wp-block-column-is-layout-flow\">\n<p><strong>S&#8217;offrir <\/strong>une s\u00e9ance de <strong>sport <\/strong>en salle&#8230;<\/p>\n<\/div>\n\n\n\n<div class=\"wp-block-column is-layout-flow wp-block-column-is-layout-flow\">\n<p>&#8230;ou <strong>bouger <\/strong>au <strong>rythme <\/strong>de la <strong>nature<\/strong><\/p>\n<\/div>\n\n\n\n<div class=\"wp-block-column is-layout-flow wp-block-column-is-layout-flow\">\n<figure class=\"wp-block-image size-large\"><img loading=\"lazy\" decoding=\"async\" width=\"768\" height=\"1024\" src=\"http:\/\/www.labordelevicomte.com\/wp-content\/uploads\/2025\/05\/IMG_6493-768x1024.jpeg\" alt=\"\" class=\"wp-image-471\" srcset=\"https:\/\/www.labordelevicomte.com\/wp-content\/uploads\/2025\/05\/IMG_6493-768x1024.jpeg 768w, https:\/\/www.labordelevicomte.com\/wp-content\/uploads\/2025\/05\/IMG_6493-225x300.jpeg 225w, https:\/\/www.labordelevicomte.com\/wp-content\/uploads\/2025\/05\/IMG_6493.jpeg 1536w\" sizes=\"auto, (max-width: 768px) 100vw, 768px\" \/><\/figure>\n\n\n\n<p class=\"has-text-align-center\">Admirer le<strong> coucher de soleil<\/strong><\/p>\n<\/div>\n<\/div>\n\n\n\n<div class=\"wp-block-columns is-layout-flex wp-container-core-columns-is-layout-28f84493 wp-block-columns-is-layout-flex\">\n<div class=\"wp-block-column is-layout-flow wp-block-column-is-layout-flow\">\n<figure class=\"wp-block-image size-large\"><img loading=\"lazy\" decoding=\"async\" width=\"821\" height=\"1024\" src=\"http:\/\/www.labordelevicomte.com\/wp-content\/uploads\/2025\/05\/0e9a1e9b-6602-4cb9-b100-ee7f51bfd03c-821x1024.jpeg\" alt=\"\" class=\"wp-image-479\" style=\"aspect-ratio:3\/4;object-fit:cover\" srcset=\"https:\/\/www.labordelevicomte.com\/wp-content\/uploads\/2025\/05\/0e9a1e9b-6602-4cb9-b100-ee7f51bfd03c-821x1024.jpeg 821w, https:\/\/www.labordelevicomte.com\/wp-content\/uploads\/2025\/05\/0e9a1e9b-6602-4cb9-b100-ee7f51bfd03c-240x300.jpeg 240w, https:\/\/www.labordelevicomte.com\/wp-content\/uploads\/2025\/05\/0e9a1e9b-6602-4cb9-b100-ee7f51bfd03c.jpeg 1500w\" sizes=\"auto, (max-width: 821px) 100vw, 821px\" \/><\/figure>\n\n\n\n<p class=\"has-text-align-center\">Faire <strong>connaissance <\/strong>avec les <strong>habitants <\/strong>des lieux <\/p>\n<\/div>\n\n\n\n<div class=\"wp-block-column is-layout-flow wp-block-column-is-layout-flow\">\n<figure class=\"wp-block-image size-large\"><img loading=\"lazy\" decoding=\"async\" width=\"1024\" height=\"682\" src=\"http:\/\/www.labordelevicomte.com\/wp-content\/uploads\/2025\/05\/1153029-journee-internationale-des-forets-2024-des-visites-guidees-gratuites-en-foret-de-fontainebleau-1024x682.jpg\" alt=\"\" class=\"wp-image-472\" style=\"aspect-ratio:3\/4;object-fit:cover\" srcset=\"https:\/\/www.labordelevicomte.com\/wp-content\/uploads\/2025\/05\/1153029-journee-internationale-des-forets-2024-des-visites-guidees-gratuites-en-foret-de-fontainebleau-1024x682.jpg 1024w, https:\/\/www.labordelevicomte.com\/wp-content\/uploads\/2025\/05\/1153029-journee-internationale-des-forets-2024-des-visites-guidees-gratuites-en-foret-de-fontainebleau-300x200.jpg 300w, https:\/\/www.labordelevicomte.com\/wp-content\/uploads\/2025\/05\/1153029-journee-internationale-des-forets-2024-des-visites-guidees-gratuites-en-foret-de-fontainebleau.jpg 1800w\" sizes=\"auto, (max-width: 1024px) 100vw, 1024px\" \/><\/figure>\n\n\n\n<p class=\"has-text-align-center\"><strong>Randonner <\/strong>dans la for\u00eat de Fontainebleau<\/p>\n\n\n\n<p><\/p>\n<\/div>\n\n\n\n<div class=\"wp-block-column is-layout-flow wp-block-column-is-layout-flow\">\n<figure class=\"wp-block-image size-large\"><img loading=\"lazy\" decoding=\"async\" width=\"821\" height=\"1024\" src=\"http:\/\/www.labordelevicomte.com\/wp-content\/uploads\/2025\/05\/vaux-le-vicomte-soiree-aux-chandelles-821x1024.jpg\" alt=\"\" class=\"wp-image-481\" style=\"aspect-ratio:3\/4;object-fit:cover\" srcset=\"https:\/\/www.labordelevicomte.com\/wp-content\/uploads\/2025\/05\/vaux-le-vicomte-soiree-aux-chandelles-821x1024.jpg 821w, https:\/\/www.labordelevicomte.com\/wp-content\/uploads\/2025\/05\/vaux-le-vicomte-soiree-aux-chandelles-240x300.jpg 240w, https:\/\/www.labordelevicomte.com\/wp-content\/uploads\/2025\/05\/vaux-le-vicomte-soiree-aux-chandelles.jpg 1079w\" sizes=\"auto, (max-width: 821px) 100vw, 821px\" \/><\/figure>\n\n\n\n<p class=\"has-text-align-center\">Faire une <strong>immersion <\/strong>dans les trois <strong>ch\u00e2teaux <\/strong>des alentours<\/p>\n<\/div>\n<\/div>\n\n\n\n<div class=\"wp-block-columns is-layout-flex wp-container-core-columns-is-layout-28f84493 wp-block-columns-is-layout-flex\">\n<div class=\"wp-block-column is-layout-flow wp-block-column-is-layout-flow\">\n<p class=\"has-text-align-center\">Challenge <strong>p\u00e9tanque <\/strong>?<\/p>\n<\/div>\n\n\n\n<div class=\"wp-block-column is-layout-flow wp-block-column-is-layout-flow\">\n<p class=\"has-text-align-center\">Ou plut\u00f4t challenge <strong>ping pong<\/strong> ?<\/p>\n<\/div>\n\n\n\n<div class=\"wp-block-column is-layout-flow wp-block-column-is-layout-flow\">\n<figure class=\"wp-block-image size-large\"><img loading=\"lazy\" decoding=\"async\" width=\"768\" height=\"1024\" src=\"http:\/\/www.labordelevicomte.com\/wp-content\/uploads\/2025\/05\/IMG_0250-768x1024.jpeg\" alt=\"\" class=\"wp-image-441\" srcset=\"https:\/\/www.labordelevicomte.com\/wp-content\/uploads\/2025\/05\/IMG_0250-768x1024.jpeg 768w, https:\/\/www.labordelevicomte.com\/wp-content\/uploads\/2025\/05\/IMG_0250-225x300.jpeg 225w, https:\/\/www.labordelevicomte.com\/wp-content\/uploads\/2025\/05\/IMG_0250.jpeg 1536w\" sizes=\"auto, (max-width: 768px) 100vw, 768px\" \/><\/figure>\n\n\n\n<p class=\"has-text-align-center\">Etre pris de <strong>vertige <\/strong>sous le ciel <strong>\u00e9toil\u00e9<\/strong><\/p>\n<\/div>\n<\/div>\n\n\n\n<p class=\"has-text-align-center\"><strong>Participer <\/strong>ou <strong>organiser <\/strong>un stage ? Cuisine, danse, \u00e9quitation, oenologie&#8230;? <\/p>\n\n\n\n<p class=\"has-text-align-center\">Peu importe le th\u00e8me, un <strong>espace <\/strong>lui sera d\u00e9di\u00e9 !<\/p>\n\n\n\n<div class=\"wp-block-columns is-layout-flex wp-container-core-columns-is-layout-28f84493 wp-block-columns-is-layout-flex\">\n<div class=\"wp-block-column is-layout-flow wp-block-column-is-layout-flow\" style=\"flex-basis:33.34%\">\n<figure class=\"wp-block-image size-large is-resized\"><img loading=\"lazy\" decoding=\"async\" width=\"1024\" height=\"768\" src=\"http:\/\/www.labordelevicomte.com\/wp-content\/uploads\/2025\/05\/IMG_3933-1024x768.jpeg\" alt=\"\" class=\"wp-image-473\" style=\"aspect-ratio:3\/4;object-fit:cover;width:518px;height:auto\" srcset=\"https:\/\/www.labordelevicomte.com\/wp-content\/uploads\/2025\/05\/IMG_3933-1024x768.jpeg 1024w, https:\/\/www.labordelevicomte.com\/wp-content\/uploads\/2025\/05\/IMG_3933-300x225.jpeg 300w, https:\/\/www.labordelevicomte.com\/wp-content\/uploads\/2025\/05\/IMG_3933-2000x1500.jpeg 2000w, https:\/\/www.labordelevicomte.com\/wp-content\/uploads\/2025\/05\/IMG_3933.jpeg 2048w\" sizes=\"auto, (max-width: 1024px) 100vw, 1024px\" \/><\/figure>\n<\/div>\n\n\n\n<div class=\"wp-block-column is-layout-flow wp-block-column-is-layout-flow\" style=\"flex-basis:33.34%\">\n<figure class=\"wp-block-image size-large\"><img loading=\"lazy\" decoding=\"async\" width=\"768\" height=\"1024\" src=\"http:\/\/www.labordelevicomte.com\/wp-content\/uploads\/2025\/05\/IMG_4294-768x1024.jpeg\" alt=\"\" class=\"wp-image-475\" style=\"object-fit:cover\" srcset=\"https:\/\/www.labordelevicomte.com\/wp-content\/uploads\/2025\/05\/IMG_4294-768x1024.jpeg 768w, https:\/\/www.labordelevicomte.com\/wp-content\/uploads\/2025\/05\/IMG_4294-225x300.jpeg 225w, https:\/\/www.labordelevicomte.com\/wp-content\/uploads\/2025\/05\/IMG_4294.jpeg 1536w\" sizes=\"auto, (max-width: 768px) 100vw, 768px\" \/><\/figure>\n<\/div>\n\n\n\n<div class=\"wp-block-column is-layout-flow wp-block-column-is-layout-flow\" style=\"flex-basis:33.33%\">\n<figure class=\"wp-block-image size-full\"><img loading=\"lazy\" decoding=\"async\" width=\"768\" height=\"1024\" src=\"http:\/\/www.labordelevicomte.com\/wp-content\/uploads\/2025\/05\/e67a70c1-1173-444c-9517-f6b94434a199.jpeg\" alt=\"\" class=\"wp-image-480\" srcset=\"https:\/\/www.labordelevicomte.com\/wp-content\/uploads\/2025\/05\/e67a70c1-1173-444c-9517-f6b94434a199.jpeg 768w, https:\/\/www.labordelevicomte.com\/wp-content\/uploads\/2025\/05\/e67a70c1-1173-444c-9517-f6b94434a199-225x300.jpeg 225w\" sizes=\"auto, (max-width: 768px) 100vw, 768px\" \/><\/figure>\n<\/div>\n<\/div>\n\n\n\n<p><\/p>\n","protected":false},"excerpt":{"rendered":"<p>Se balader dans le parc D\u00e9couvrir le pass\u00e9 des lieux Profiter d&#8217;un ap\u00e9ritif ou d&#8217;un barbecue S&#8217;offrir une s\u00e9ance de sport en salle&#8230; &#8230;ou bouger au rythme de la nature Admirer le coucher de soleil Faire connaissance avec les habitants des lieux Randonner dans la for\u00eat de Fontainebleau Faire une immersion dans les trois ch\u00e2teaux &hellip; <\/p>\n<p class=\"link-more\"><a href=\"https:\/\/www.labordelevicomte.com\/index.php\/son-art-de-vivre\/\" class=\"more-link\">Read more<span class=\"screen-reader-text\"> &#8220;Son art de vivre&#8221;<\/span><\/a><\/p>\n","protected":false},"author":1,"featured_media":0,"parent":0,"menu_order":0,"comment_status":"closed","ping_status":"closed","template":"","meta":{"footnotes":""},"class_list":["post-442","page","type-page","status-publish","hentry"],"jetpack_sharing_enabled":true,"featured_media_urls":[],"_links":{"self":[{"href":"https:\/\/www.labordelevicomte.com\/index.php\/wp-json\/wp\/v2\/pages\/442","targetHints":{"allow":["GET"]}}],"collection":[{"href":"https:\/\/www.labordelevicomte.com\/index.php\/wp-json\/wp\/v2\/pages"}],"about":[{"href":"https:\/\/www.labordelevicomte.com\/index.php\/wp-json\/wp\/v2\/types\/page"}],"author":[{"embeddable":true,"href":"https:\/\/www.labordelevicomte.com\/index.php\/wp-json\/wp\/v2\/users\/1"}],"replies":[{"embeddable":true,"href":"https:\/\/www.labordelevicomte.com\/index.php\/wp-json\/wp\/v2\/comments?post=442"}],"version-history":[{"count":3,"href":"https:\/\/www.labordelevicomte.com\/index.php\/wp-json\/wp\/v2\/pages\/442\/revisions"}],"predecessor-version":[{"id":482,"href":"https:\/\/www.labordelevicomte.com\/index.php\/wp-json\/wp\/v2\/pages\/442\/revisions\/482"}],"wp:attachment":[{"href":"https:\/\/www.labordelevicomte.com\/index.php\/wp-json\/wp\/v2\/media?parent=442"}],"curies":[{"name":"wp","href":"https:\/\/api.w.org\/{rel}","templated":true}]}}