{"id":535,"date":"2025-05-24T20:17:56","date_gmt":"2025-05-24T18:17:56","guid":{"rendered":"https:\/\/www.labordelevicomte.com\/?page_id=535"},"modified":"2025-05-24T21:03:17","modified_gmt":"2025-05-24T19:03:17","slug":"les-experiences","status":"publish","type":"page","link":"https:\/\/www.labordelevicomte.com\/index.php\/les-experiences\/","title":{"rendered":"Les Exp\u00e9riences"},"content":{"rendered":"\n<div class=\"wp-block-columns is-layout-flex wp-container-core-columns-is-layout-28f84493 wp-block-columns-is-layout-flex\">\n<div class=\"wp-block-column is-layout-flow wp-block-column-is-layout-flow\">\n<figure class=\"wp-block-image size-large hvr-grow\"><a href=\"https:\/\/www.labordelevicomte.com\/index.php\/son-art-de-vivre\/\"><img loading=\"lazy\" decoding=\"async\" width=\"768\" height=\"1024\" src=\"http:\/\/www.labordelevicomte.com\/wp-content\/uploads\/2025\/05\/IMG_4247-768x1024.jpeg\" alt=\"\" class=\"wp-image-470\" srcset=\"https:\/\/www.labordelevicomte.com\/wp-content\/uploads\/2025\/05\/IMG_4247-768x1024.jpeg 768w, https:\/\/www.labordelevicomte.com\/wp-content\/uploads\/2025\/05\/IMG_4247-225x300.jpeg 225w, https:\/\/www.labordelevicomte.com\/wp-content\/uploads\/2025\/05\/IMG_4247.jpeg 1536w\" sizes=\"auto, (max-width: 768px) 100vw, 768px\" \/><\/a><\/figure>\n\n\n\n<p>L&#8217;<strong>ART DE VIVRE<\/strong> au Domaine<\/p>\n\n\n\n<p style=\"font-size:clamp(14px, 0.875rem + ((1vw - 3.2px) * 0.104), 15px);\">Imaginer votre propre parenth\u00e8se au sein du Domaine. Du <em>Farniente<\/em> au challenge sportif, des exp\u00e9riences uniques vous attendent !<\/p>\n\n\n\n<div class=\"wp-block-buttons is-layout-flex wp-block-buttons-is-layout-flex\">\n<div class=\"wp-block-button is-style-outline is-style-outline--1\"><a class=\"wp-block-button__link wp-element-button\" href=\"https:\/\/www.labordelevicomte.com\/index.php\/son-art-de-vivre\/\" style=\"font-style:normal;font-weight:100\">En savoir plus<\/a><\/div>\n<\/div>\n<\/div>\n\n\n\n<div class=\"wp-block-column is-layout-flow wp-block-column-is-layout-flow\">\n<figure class=\"wp-block-image size-large hvr-grow\"><img loading=\"lazy\" decoding=\"async\" width=\"821\" height=\"1024\" src=\"http:\/\/www.labordelevicomte.com\/wp-content\/uploads\/2025\/05\/vaux-le-vicomte-soiree-aux-chandelles-821x1024.jpg\" alt=\"\" class=\"wp-image-481\" style=\"aspect-ratio:3\/4;object-fit:cover\" srcset=\"https:\/\/www.labordelevicomte.com\/wp-content\/uploads\/2025\/05\/vaux-le-vicomte-soiree-aux-chandelles-821x1024.jpg 821w, https:\/\/www.labordelevicomte.com\/wp-content\/uploads\/2025\/05\/vaux-le-vicomte-soiree-aux-chandelles-240x300.jpg 240w, https:\/\/www.labordelevicomte.com\/wp-content\/uploads\/2025\/05\/vaux-le-vicomte-soiree-aux-chandelles.jpg 1079w\" sizes=\"auto, (max-width: 821px) 100vw, 821px\" \/><\/figure>\n\n\n\n<p>AUX <strong>ALENTOURS<\/strong><\/p>\n\n\n\n<p style=\"font-size:clamp(14px, 0.875rem + ((1vw - 3.2px) * 0.104), 15px);\">Id\u00e9alement situ\u00e9, le Domaine est le point de d\u00e9part id\u00e9al pour partir \u00e0 la d\u00e9couverte d&#8217;un patrimoine culturel et naturel exceptionnel.<\/p>\n\n\n\n<div class=\"wp-block-buttons is-layout-flex wp-block-buttons-is-layout-flex\">\n<div class=\"wp-block-button is-style-outline is-style-outline--2\"><a class=\"wp-block-button__link wp-element-button\" style=\"font-style:normal;font-weight:100\">En savoir plus<\/a><\/div>\n<\/div>\n<\/div>\n\n\n\n<div class=\"wp-block-column is-layout-flow wp-block-column-is-layout-flow\">\n<figure class=\"wp-block-image size-large hvr-grow\"><img loading=\"lazy\" decoding=\"async\" width=\"1024\" height=\"768\" src=\"http:\/\/www.labordelevicomte.com\/wp-content\/uploads\/2025\/05\/IMG_3933-1024x768.jpeg\" alt=\"\" class=\"wp-image-473\" style=\"aspect-ratio:3\/4;object-fit:cover\" srcset=\"https:\/\/www.labordelevicomte.com\/wp-content\/uploads\/2025\/05\/IMG_3933-1024x768.jpeg 1024w, https:\/\/www.labordelevicomte.com\/wp-content\/uploads\/2025\/05\/IMG_3933-300x225.jpeg 300w, https:\/\/www.labordelevicomte.com\/wp-content\/uploads\/2025\/05\/IMG_3933-2000x1500.jpeg 2000w, https:\/\/www.labordelevicomte.com\/wp-content\/uploads\/2025\/05\/IMG_3933.jpeg 2048w\" sizes=\"auto, (max-width: 1024px) 100vw, 1024px\" \/><\/figure>\n\n\n\n<p>NOS <strong>\u00c9V\u00c9NEMENTS<\/strong><\/p>\n\n\n\n<p style=\"font-size:clamp(14px, 0.875rem + ((1vw - 3.2px) * 0.104), 15px);\">Pour des exp\u00e9riences hors du commun, des r\u00e9unions de travail ou pour c\u00e9l\u00e9brer vos plus beaux instants de vie, le Domaine n&#8217;attend que vous !<\/p>\n\n\n\n<div class=\"wp-block-buttons is-layout-flex wp-block-buttons-is-layout-flex\">\n<div class=\"wp-block-button is-style-outline is-style-outline--3\"><a class=\"wp-block-button__link wp-element-button\" style=\"font-style:normal;font-weight:100\">En savoir plus<\/a><\/div>\n<\/div>\n<\/div>\n<\/div>\n\n\n\n<p><\/p>\n","protected":false},"excerpt":{"rendered":"<p>L&#8217;ART DE VIVRE au Domaine Imaginer votre propre parenth\u00e8se au sein du Domaine. Du Farniente au challenge sportif, des exp\u00e9riences uniques vous attendent ! AUX ALENTOURS Id\u00e9alement situ\u00e9, le Domaine est le point de d\u00e9part id\u00e9al pour partir \u00e0 la d\u00e9couverte d&#8217;un patrimoine culturel et naturel exceptionnel. NOS \u00c9V\u00c9NEMENTS Pour des exp\u00e9riences hors du commun, &hellip; <\/p>\n<p class=\"link-more\"><a href=\"https:\/\/www.labordelevicomte.com\/index.php\/les-experiences\/\" class=\"more-link\">Read more<span class=\"screen-reader-text\"> &#8220;Les Exp\u00e9riences&#8221;<\/span><\/a><\/p>\n","protected":false},"author":1,"featured_media":0,"parent":0,"menu_order":0,"comment_status":"closed","ping_status":"closed","template":"","meta":{"footnotes":""},"class_list":["post-535","page","type-page","status-publish","hentry"],"jetpack_sharing_enabled":true,"featured_media_urls":[],"_links":{"self":[{"href":"https:\/\/www.labordelevicomte.com\/index.php\/wp-json\/wp\/v2\/pages\/535","targetHints":{"allow":["GET"]}}],"collection":[{"href":"https:\/\/www.labordelevicomte.com\/index.php\/wp-json\/wp\/v2\/pages"}],"about":[{"href":"https:\/\/www.labordelevicomte.com\/index.php\/wp-json\/wp\/v2\/types\/page"}],"author":[{"embeddable":true,"href":"https:\/\/www.labordelevicomte.com\/index.php\/wp-json\/wp\/v2\/users\/1"}],"replies":[{"embeddable":true,"href":"https:\/\/www.labordelevicomte.com\/index.php\/wp-json\/wp\/v2\/comments?post=535"}],"version-history":[{"count":6,"href":"https:\/\/www.labordelevicomte.com\/index.php\/wp-json\/wp\/v2\/pages\/535\/revisions"}],"predecessor-version":[{"id":551,"href":"https:\/\/www.labordelevicomte.com\/index.php\/wp-json\/wp\/v2\/pages\/535\/revisions\/551"}],"wp:attachment":[{"href":"https:\/\/www.labordelevicomte.com\/index.php\/wp-json\/wp\/v2\/media?parent=535"}],"curies":[{"name":"wp","href":"https:\/\/api.w.org\/{rel}","templated":true}]}}