{"id":552,"date":"2025-05-24T21:28:07","date_gmt":"2025-05-24T19:28:07","guid":{"rendered":"https:\/\/www.labordelevicomte.com\/?page_id=552"},"modified":"2025-05-25T01:05:08","modified_gmt":"2025-05-24T23:05:08","slug":"le-concept","status":"publish","type":"page","link":"https:\/\/www.labordelevicomte.com\/index.php\/le-concept\/","title":{"rendered":"Le Concept"},"content":{"rendered":"\n<figure class=\"wp-block-image aligncenter size-full is-resized\"><img loading=\"lazy\" decoding=\"async\" width=\"726\" height=\"472\" src=\"http:\/\/www.labordelevicomte.com\/wp-content\/uploads\/2025\/05\/Capture-decran-2025-05-25-000154.jpg\" alt=\"\" class=\"wp-image-567\" style=\"width:631px;height:auto\" srcset=\"https:\/\/www.labordelevicomte.com\/wp-content\/uploads\/2025\/05\/Capture-decran-2025-05-25-000154.jpg 726w, https:\/\/www.labordelevicomte.com\/wp-content\/uploads\/2025\/05\/Capture-decran-2025-05-25-000154-300x195.jpg 300w\" sizes=\"auto, (max-width: 726px) 100vw, 726px\" \/><\/figure>\n\n\n\n<p>D\u00e8s lors de notre arriv\u00e9e, nous avons eu \u00e0 coeur de trouver le projet qui r\u00e9pondrait aux besoins essentiels des chevaux qui sont : <\/p>\n\n\n\n<ul class=\"wp-block-list\">\n<li>Besoin de mouvement<\/li>\n\n\n\n<li>Besoin de s&#8217;alimenter en continu et en petites quantit\u00e9s<\/li>\n\n\n\n<li>Besoin de se sociabiliser <\/li>\n<\/ul>\n\n\n\n<p>Nos offres d&#8217;h\u00e9bergement pour nos pensionnaires s&#8217;inspire ainsi du mod\u00e8le de l&#8217;Ecurie Active. L&#8217;objectif \u00e9tant de pouvoir offrir aux chevaux un acc\u00e8s aux p\u00e2tures tout en leur offrant des conditions de vie id\u00e9ales et de permettre \u00e0 leur propri\u00e9taires un pratique sportive avec le plus de confort possible. <\/p>\n\n\n\n<p>Le concept de l&#8217;\u00e9curie active a \u00e9t\u00e9 cr\u00e9\u00e9 dans les ann\u00e9es 90 en Allemagne par le professeur Piotrowski et Thorsten Hinrichs. Aujourd\u2019hui, l\u2019\u00e9curie active a largement \u00e9t\u00e9 pl\u00e9biscit\u00e9e et adopt\u00e9e en Allemagne, puisque plus de 800 \u00e9curies actives sont d\u00e9nombr\u00e9es.<\/p>\n\n\n\n<p>Les chevaux \u00e9voluent en troupeau sur une grande zone stabilis\u00e9e o\u00f9 tous les points d&#8217;int\u00e9r\u00eats n\u00e9cessaires aux chevaux sont r\u00e9partis pour favoriser le mouvement. Toute la conception de l&#8217;\u00e9curie est pens\u00e9e pour respecter la hi\u00e9rarchie install\u00e9e entre les chevaux. Ainsi m\u00eame le cheval tout en bas de la hi\u00e9rarchie aura lui aussi acc\u00e8s \u00e0 toutes les ressources n\u00e9cessaires. <\/p>\n\n\n\n<p>L&#8217;int\u00e9r\u00eat de la zone stabilis\u00e9e permet de garantir que les chevaux pourront \u00e9voluer sur une surface saine, ainsi la sant\u00e9 de leur sabot est garantie, et les probl\u00e8mes de peau, type gale de boue, sont \u00e9vit\u00e9s. <\/p>\n\n\n\n<p>Sur cette zone, on retrouve ainsi : <\/p>\n\n\n\n<ul class=\"wp-block-list\">\n<li>des r\u00e2teliers \u00e0 foin,<\/li>\n\n\n\n<li>des abris,<\/li>\n\n\n\n<li>un abreuvoir \u00e0 niveau constant hors gel, <\/li>\n\n\n\n<li>une zone de roulade <\/li>\n\n\n\n<li>des haies fourrag\u00e8res,<\/li>\n\n\n\n<li>un acc\u00e8s aux 10ha de p\u00e2tures organis\u00e9es en pr\u00e9s tournants. <\/li>\n<\/ul>\n\n\n\n<p>Avec cette organisation d\u00e9di\u00e9e \u00e0 l&#8217;h\u00e9bergement des chevaux, les besoins essentiels du cheval sont remplis. De cette mani\u00e8re, nous mettons toutes les chances de notre c\u00f4t\u00e9 pour limiter au maximum les probl\u00e8mes v\u00e9t\u00e9rinaires : <\/p>\n\n\n\n<ul class=\"wp-block-list\">\n<li>Le risque de colique et d&#8217;ulc\u00e8res est fortement diminu\u00e9 de part la libert\u00e9 de mouvement et l&#8217;alimentation (principalement des fibres) en continu des chevaux.<\/li>\n\n\n\n<li>Les probl\u00e8mes d&#8217;abc\u00e8s de pied et les probl\u00e8mes de peau sont limit\u00e9s puisque les chevaux ne sont pas dans des zones humides.<\/li>\n\n\n\n<li>La libert\u00e9 de mouvement des chevaux permet de favoriser la locomotion des chevaux. Pour les chevaux souffrant de dorsalgies ou de tendinopathies (ou pour simplement les pr\u00e9venir), pouvoir se mouvoir sans limite permet de conserver des muscles et des tendons en bonne sant\u00e9.<\/li>\n\n\n\n<li>La libert\u00e9 de mouvement et la sociabilisation limite grandement aussi l&#8217;apparition de st\u00e9r\u00e9otypies ou de tics de comportement chez le cheval.<\/li>\n<\/ul>\n\n\n\n<p>Pour le cavalier propri\u00e9taire, l\u2019\u00e9curie active est \u00e9galement int\u00e9ressante puisqu\u2019elle permet&nbsp;:<\/p>\n\n\n\n<ul class=\"wp-block-list\">\n<li>Une flexibilit\u00e9 de disponibilit\u00e9\u00a0et une tranquillit\u00e9 d\u2019esprit : s\u2019il ne peut pas venir le cheval est dehors bouge et communique avec les autres chevaux.<\/li>\n\n\n\n<li>Un cheval disponible pour le travail\u00a0: le cheval bouge en permanence il est donc \u00e9chauff\u00e9, et nous n\u2019avons plus de probl\u00e9matique de chevaux \u00ab\u00a0chauds\u00a0\u00bb puisqu\u2019ils sont en permanence dehors et n\u2019ont pas d\u2019\u00e9nergie emmagasin\u00e9e.<\/li>\n<\/ul>\n\n\n\n<p>Pour la conception, Horse Stop nous a accompagn\u00e9 tout au long de l&#8217;\u00e9volution de notre projet qui a longuement muri pendant plusieurs ann\u00e9es. <\/p>\n\n\n\n<p>C\u00f4t\u00e9 r\u00e9alisation, c&#8217;est la soci\u00e9t\u00e9 Concept Sol qui a sur r\u00e9pondre \u00e0 un cahier des charges tr\u00e8s pr\u00e9cis pour le plus grand bonheur de nos pensionnaires. <\/p>\n\n\n\n<p><\/p>\n","protected":false},"excerpt":{"rendered":"<p>D\u00e8s lors de notre arriv\u00e9e, nous avons eu \u00e0 coeur de trouver le projet qui r\u00e9pondrait aux besoins essentiels des chevaux qui sont : Nos offres d&#8217;h\u00e9bergement pour nos pensionnaires s&#8217;inspire ainsi du mod\u00e8le de l&#8217;Ecurie Active. L&#8217;objectif \u00e9tant de pouvoir offrir aux chevaux un acc\u00e8s aux p\u00e2tures tout en leur offrant des conditions de &hellip; <\/p>\n<p class=\"link-more\"><a href=\"https:\/\/www.labordelevicomte.com\/index.php\/le-concept\/\" class=\"more-link\">Read more<span class=\"screen-reader-text\"> &#8220;Le Concept&#8221;<\/span><\/a><\/p>\n","protected":false},"author":1,"featured_media":0,"parent":0,"menu_order":0,"comment_status":"closed","ping_status":"closed","template":"","meta":{"footnotes":""},"class_list":["post-552","page","type-page","status-publish","hentry"],"jetpack_sharing_enabled":true,"featured_media_urls":[],"_links":{"self":[{"href":"https:\/\/www.labordelevicomte.com\/index.php\/wp-json\/wp\/v2\/pages\/552","targetHints":{"allow":["GET"]}}],"collection":[{"href":"https:\/\/www.labordelevicomte.com\/index.php\/wp-json\/wp\/v2\/pages"}],"about":[{"href":"https:\/\/www.labordelevicomte.com\/index.php\/wp-json\/wp\/v2\/types\/page"}],"author":[{"embeddable":true,"href":"https:\/\/www.labordelevicomte.com\/index.php\/wp-json\/wp\/v2\/users\/1"}],"replies":[{"embeddable":true,"href":"https:\/\/www.labordelevicomte.com\/index.php\/wp-json\/wp\/v2\/comments?post=552"}],"version-history":[{"count":2,"href":"https:\/\/www.labordelevicomte.com\/index.php\/wp-json\/wp\/v2\/pages\/552\/revisions"}],"predecessor-version":[{"id":568,"href":"https:\/\/www.labordelevicomte.com\/index.php\/wp-json\/wp\/v2\/pages\/552\/revisions\/568"}],"wp:attachment":[{"href":"https:\/\/www.labordelevicomte.com\/index.php\/wp-json\/wp\/v2\/media?parent=552"}],"curies":[{"name":"wp","href":"https:\/\/api.w.org\/{rel}","templated":true}]}}